{"id":284,"date":"2021-03-10T17:15:46","date_gmt":"2021-03-10T16:15:46","guid":{"rendered":"http:\/\/svenskisolering.dev03.extrude.se\/?page_id=284"},"modified":"2021-06-09T18:53:22","modified_gmt":"2021-06-09T16:53:22","slug":"varmelagringskapacitet","status":"publish","type":"page","link":"https:\/\/svenskisolering.se\/index.php\/varmelagringskapacitet\/","title":{"rendered":"V\u00e4rmelagringskapacitet"},"content":{"rendered":"\t\t<div data-elementor-type=\"wp-page\" data-elementor-id=\"284\" class=\"elementor elementor-284\">\n\t\t\t\t\t\t<div class=\"elementor-inner\">\n\t\t\t\t<div class=\"elementor-section-wrap\">\n\t\t\t\t\t\t\t\t\t<section class=\"elementor-section elementor-top-section elementor-element elementor-element-473e6d8 elementor-section-boxed elementor-section-height-default elementor-section-height-default\" data-id=\"473e6d8\" data-element_type=\"section\">\n\t\t\t\t\t\t<div class=\"elementor-container elementor-column-gap-default\">\n\t\t\t\t\t\t\t<div class=\"elementor-row\">\n\t\t\t\t\t<div class=\"elementor-column elementor-col-100 elementor-top-column elementor-element elementor-element-48fe5a6c\" data-id=\"48fe5a6c\" data-element_type=\"column\">\n\t\t\t<div class=\"elementor-column-wrap elementor-element-populated\">\n\t\t\t\t\t\t\t<div class=\"elementor-widget-wrap\">\n\t\t\t\t\t\t<section class=\"elementor-section elementor-inner-section elementor-element elementor-element-f340b0c elementor-section-boxed elementor-section-height-default elementor-section-height-default\" data-id=\"f340b0c\" data-element_type=\"section\">\n\t\t\t\t\t\t<div class=\"elementor-container elementor-column-gap-default\">\n\t\t\t\t\t\t\t<div class=\"elementor-row\">\n\t\t\t\t\t<div class=\"elementor-column elementor-col-50 elementor-inner-column elementor-element elementor-element-d712a8b\" data-id=\"d712a8b\" data-element_type=\"column\">\n\t\t\t<div class=\"elementor-column-wrap elementor-element-populated\">\n\t\t\t\t\t\t\t<div class=\"elementor-widget-wrap\">\n\t\t\t\t\t\t<div class=\"elementor-element elementor-element-37fc8f82 elementor-absolute elementor-widget elementor-widget-text-editor\" data-id=\"37fc8f82\" data-element_type=\"widget\" data-settings=\"{&quot;_position&quot;:&quot;absolute&quot;}\" data-widget_type=\"text-editor.default\">\n\t\t\t\t<div class=\"elementor-widget-container\">\n\t\t\t\t\t\t\t\t<div class=\"elementor-text-editor elementor-clearfix\">\n\t\t\t\t<!-- wp:paragraph -->\n<p>Tack vare cellulosaisoleringens h\u00f6ga densitet lagrar den energi v\u00e4ldigt bra. V\u00e4rmelagringskapaciteten kan liknas vid en t\u00e4ljstenskamin som tack vare sin stora massa lagrar v\u00e4rme under l\u00e5ng tid. Det kan ocks\u00e5 bidra till att hindra eller minska \u00f6vertemperaturer under varma delen av \u00e5ret. V\u00e4rmen hinner inte tr\u00e4nga in i huset innan nattsvalkan kyler av det.<\/p>\n<!-- \/wp:paragraph -->\t\t\t\t\t<\/div>\n\t\t\t\t\t\t<\/div>\n\t\t\t\t<\/div>\n\t\t\t\t\t\t<\/div>\n\t\t\t\t\t<\/div>\n\t\t<\/div>\n\t\t\t\t<div class=\"elementor-column elementor-col-50 elementor-inner-column elementor-element elementor-element-e104e58\" data-id=\"e104e58\" data-element_type=\"column\">\n\t\t\t<div class=\"elementor-column-wrap elementor-element-populated\">\n\t\t\t\t\t\t\t<div class=\"elementor-widget-wrap\">\n\t\t\t\t\t\t<div class=\"elementor-element elementor-element-6a7086d elementor-widget elementor-widget-image\" data-id=\"6a7086d\" data-element_type=\"widget\" data-widget_type=\"image.default\">\n\t\t\t\t<div class=\"elementor-widget-container\">\n\t\t\t\t\t\t\t\t<div class=\"elementor-image\">\n\t\t\t\t\t\t\t\t\t\t\t\t<img loading=\"lazy\" decoding=\"async\" width=\"374\" height=\"535\" src=\"https:\/\/svenskisolering.se\/wp-content\/uploads\/2021\/05\/Kyla.jpg\" class=\"attachment-large size-large wp-image-981\" alt=\"\" srcset=\"https:\/\/svenskisolering.se\/wp-content\/uploads\/2021\/05\/Kyla.jpg 374w, https:\/\/svenskisolering.se\/wp-content\/uploads\/2021\/05\/Kyla-210x300.jpg 210w\" sizes=\"auto, (max-width: 374px) 100vw, 374px\" \/>\t\t\t\t\t\t\t\t\t\t\t\t\t\t<\/div>\n\t\t\t\t\t\t<\/div>\n\t\t\t\t<\/div>\n\t\t\t\t\t\t<\/div>\n\t\t\t\t\t<\/div>\n\t\t<\/div>\n\t\t\t\t\t\t\t\t<\/div>\n\t\t\t\t\t<\/div>\n\t\t<\/section>\n\t\t\t\t\t\t<\/div>\n\t\t\t\t\t<\/div>\n\t\t<\/div>\n\t\t\t\t\t\t\t\t<\/div>\n\t\t\t\t\t<\/div>\n\t\t<\/section>\n\t\t\t\t\t\t\t\t\t<\/div>\n\t\t\t<\/div>\n\t\t\t\t\t<\/div>\n\t\t","protected":false},"excerpt":{"rendered":"<p>Tack vare cellulosaisoleringens h\u00f6ga densitet lagrar den energi v\u00e4ldigt bra. V\u00e4rmelagringskapaciteten kan liknas vid en t\u00e4ljstenskamin som tack vare sin stora massa lagrar v\u00e4rme under l\u00e5ng tid. Det kan ocks\u00e5 bidra till att hindra eller minska \u00f6vertemperaturer under varma delen av \u00e5ret. V\u00e4rmen hinner inte tr\u00e4nga in i huset innan nattsvalkan kyler av det.<\/p>\n","protected":false},"author":2,"featured_media":0,"parent":0,"menu_order":0,"comment_status":"closed","ping_status":"closed","template":"","meta":{"site-sidebar-layout":"default","site-content-layout":"default","ast-global-header-display":"","ast-main-header-display":"","ast-hfb-above-header-display":"","ast-hfb-below-header-display":"","ast-hfb-mobile-header-display":"","site-post-title":"","ast-breadcrumbs-content":"","ast-featured-img":"","footer-sml-layout":"","theme-transparent-header-meta":"default","adv-header-id-meta":"","stick-header-meta":"","header-above-stick-meta":"","header-main-stick-meta":"","header-below-stick-meta":"","footnotes":""},"class_list":["post-284","page","type-page","status-publish","hentry"],"_links":{"self":[{"href":"https:\/\/svenskisolering.se\/index.php\/wp-json\/wp\/v2\/pages\/284","targetHints":{"allow":["GET"]}}],"collection":[{"href":"https:\/\/svenskisolering.se\/index.php\/wp-json\/wp\/v2\/pages"}],"about":[{"href":"https:\/\/svenskisolering.se\/index.php\/wp-json\/wp\/v2\/types\/page"}],"author":[{"embeddable":true,"href":"https:\/\/svenskisolering.se\/index.php\/wp-json\/wp\/v2\/users\/2"}],"replies":[{"embeddable":true,"href":"https:\/\/svenskisolering.se\/index.php\/wp-json\/wp\/v2\/comments?post=284"}],"version-history":[{"count":17,"href":"https:\/\/svenskisolering.se\/index.php\/wp-json\/wp\/v2\/pages\/284\/revisions"}],"predecessor-version":[{"id":1150,"href":"https:\/\/svenskisolering.se\/index.php\/wp-json\/wp\/v2\/pages\/284\/revisions\/1150"}],"wp:attachment":[{"href":"https:\/\/svenskisolering.se\/index.php\/wp-json\/wp\/v2\/media?parent=284"}],"curies":[{"name":"wp","href":"https:\/\/api.w.org\/{rel}","templated":true}]}}