{"id":247,"date":"2021-03-10T15:26:53","date_gmt":"2021-03-10T14:26:53","guid":{"rendered":"http:\/\/svenskisolering.dev03.extrude.se\/?page_id=247"},"modified":"2021-03-11T09:54:48","modified_gmt":"2021-03-11T08:54:48","slug":"gwp","status":"publish","type":"page","link":"https:\/\/svenskisolering.se\/index.php\/gwp\/","title":{"rendered":"GWP &#8211; Global Warming Potential"},"content":{"rendered":"\n<figure class=\"wp-block-image size-large is-style-default\"><img loading=\"lazy\" decoding=\"async\" width=\"1006\" height=\"600\" src=\"http:\/\/svenskisolering.dev03.extrude.se\/wp-content\/uploads\/2021\/03\/Moln.jpg\" alt=\"\" class=\"wp-image-316\" srcset=\"https:\/\/svenskisolering.se\/wp-content\/uploads\/2021\/03\/Moln.jpg 1006w, https:\/\/svenskisolering.se\/wp-content\/uploads\/2021\/03\/Moln-300x179.jpg 300w, https:\/\/svenskisolering.se\/wp-content\/uploads\/2021\/03\/Moln-768x458.jpg 768w\" sizes=\"auto, (max-width: 1006px) 100vw, 1006px\" \/><\/figure>\n\n\n\n<p>GWP \u00e4r en f\u00f6rkortning f\u00f6r \u201cGlobal uppv\u00e4rmningspotential\u201d, p\u00e5 engelska Global Warming Potential. Ibland kallas GWP f\u00f6r \u201cv\u00e4xthuspotential\u201d. Global uppv\u00e4rmningspotential \u00e4r ett att \u00f6vers\u00e4tta olika\u00a0<a href=\"https:\/\/www.klimatordlista.se\/vaxthusgaser\/\">v\u00e4xthusgasers\u00a0<\/a>effekt p\u00e5\u00a0<a href=\"https:\/\/www.klimatordlista.se\/klimat-vader\/\">klimatet<\/a>. Gaserna har olika stor effekt p\u00e5 den\u00a0<a href=\"https:\/\/www.klimatordlista.se\/global-uppvarmning\/\">globala uppv\u00e4rmningen<\/a>\u00a0och f\u00f6r att kunna j\u00e4mf\u00f6ra dem r\u00e4knar man om alla gaser\u00a0till \u201c<a href=\"https:\/\/www.klimatordlista.se\/koldioxidekvivalent\/\">koldioxidekvivalenter<\/a>\u201c. Det g\u00f6rs med GWP, som allts\u00e5 \u00e4r ett v\u00e4rde p\u00e5 hur mycket gasen p\u00e5verkar den globala uppv\u00e4rmningen. Till exempel har\u00a0<a href=\"https:\/\/www.klimatordlista.se\/metan-ch4\/\">metan<\/a>\u00a0ett GWP-v\u00e4rde p\u00e5 21, vilket betyder att utsl\u00e4pp av ett ton metan v\u00e4rmer upp jorden 21\u00a0g\u00e5nger mer \u00e4n utsl\u00e4pp av ett ton\u00a0<a href=\"https:\/\/www.klimatordlista.se\/co2-koldioxid\/\">koldioxid<\/a>.<\/p>\n","protected":false},"excerpt":{"rendered":"<p>GWP \u00e4r en f\u00f6rkortning f\u00f6r \u201cGlobal uppv\u00e4rmningspotential\u201d, p\u00e5 engelska Global Warming Potential. Ibland kallas GWP f\u00f6r \u201cv\u00e4xthuspotential\u201d. Global uppv\u00e4rmningspotential \u00e4r ett att \u00f6vers\u00e4tta olika\u00a0v\u00e4xthusgasers\u00a0effekt p\u00e5\u00a0klimatet. Gaserna har olika stor effekt p\u00e5 den\u00a0globala uppv\u00e4rmningen\u00a0och f\u00f6r att kunna j\u00e4mf\u00f6ra dem r\u00e4knar man om alla gaser\u00a0till \u201ckoldioxidekvivalenter\u201c. Det g\u00f6rs med GWP, som allts\u00e5 \u00e4r ett v\u00e4rde p\u00e5 hur &hellip;<\/p>\n<p class=\"read-more\"> <a class=\"\" href=\"https:\/\/svenskisolering.se\/index.php\/gwp\/\"> <span class=\"screen-reader-text\">GWP &#8211; Global Warming Potential<\/span> L\u00e4s mer &raquo;<\/a><\/p>\n","protected":false},"author":2,"featured_media":0,"parent":0,"menu_order":0,"comment_status":"closed","ping_status":"closed","template":"","meta":{"site-sidebar-layout":"default","site-content-layout":"default","ast-global-header-display":"","ast-main-header-display":"","ast-hfb-above-header-display":"","ast-hfb-below-header-display":"","ast-hfb-mobile-header-display":"","site-post-title":"","ast-breadcrumbs-content":"","ast-featured-img":"","footer-sml-layout":"","theme-transparent-header-meta":"default","adv-header-id-meta":"","stick-header-meta":"","header-above-stick-meta":"","header-main-stick-meta":"","header-below-stick-meta":"","footnotes":""},"class_list":["post-247","page","type-page","status-publish","hentry"],"_links":{"self":[{"href":"https:\/\/svenskisolering.se\/index.php\/wp-json\/wp\/v2\/pages\/247","targetHints":{"allow":["GET"]}}],"collection":[{"href":"https:\/\/svenskisolering.se\/index.php\/wp-json\/wp\/v2\/pages"}],"about":[{"href":"https:\/\/svenskisolering.se\/index.php\/wp-json\/wp\/v2\/types\/page"}],"author":[{"embeddable":true,"href":"https:\/\/svenskisolering.se\/index.php\/wp-json\/wp\/v2\/users\/2"}],"replies":[{"embeddable":true,"href":"https:\/\/svenskisolering.se\/index.php\/wp-json\/wp\/v2\/comments?post=247"}],"version-history":[{"count":5,"href":"https:\/\/svenskisolering.se\/index.php\/wp-json\/wp\/v2\/pages\/247\/revisions"}],"predecessor-version":[{"id":320,"href":"https:\/\/svenskisolering.se\/index.php\/wp-json\/wp\/v2\/pages\/247\/revisions\/320"}],"wp:attachment":[{"href":"https:\/\/svenskisolering.se\/index.php\/wp-json\/wp\/v2\/media?parent=247"}],"curies":[{"name":"wp","href":"https:\/\/api.w.org\/{rel}","templated":true}]}}