{"id":12,"date":"2021-02-22T10:06:57","date_gmt":"2021-02-22T09:06:57","guid":{"rendered":"http:\/\/svenskisolering.dev03.extrude.se\/?page_id=12"},"modified":"2021-05-31T15:27:04","modified_gmt":"2021-05-31T13:27:04","slug":"om-svensk-isolering","status":"publish","type":"page","link":"https:\/\/svenskisolering.se\/index.php\/om-svensk-isolering\/","title":{"rendered":"Om oss"},"content":{"rendered":"\t\t<div data-elementor-type=\"wp-page\" data-elementor-id=\"12\" class=\"elementor elementor-12\">\n\t\t\t\t\t\t<div class=\"elementor-inner\">\n\t\t\t\t<div class=\"elementor-section-wrap\">\n\t\t\t\t\t\t\t\t\t<section class=\"elementor-section elementor-top-section elementor-element elementor-element-86575e elementor-section-boxed elementor-section-height-default elementor-section-height-default\" data-id=\"86575e\" data-element_type=\"section\">\n\t\t\t\t\t\t<div class=\"elementor-container elementor-column-gap-default\">\n\t\t\t\t\t\t\t<div class=\"elementor-row\">\n\t\t\t\t\t<div class=\"elementor-column elementor-col-100 elementor-top-column elementor-element elementor-element-367ac53b\" data-id=\"367ac53b\" data-element_type=\"column\">\n\t\t\t<div class=\"elementor-column-wrap elementor-element-populated\">\n\t\t\t\t\t\t\t<div class=\"elementor-widget-wrap\">\n\t\t\t\t\t\t<div class=\"elementor-element elementor-element-126bf9c3 elementor-widget elementor-widget-text-editor\" data-id=\"126bf9c3\" data-element_type=\"widget\" data-widget_type=\"text-editor.default\">\n\t\t\t\t<div class=\"elementor-widget-container\">\n\t\t\t\t\t\t\t\t<div class=\"elementor-text-editor elementor-clearfix\">\n\t\t\t\t<p><!-- wp:paragraph --><\/p>\n<h4>Svensk Isolering<\/h4>\n<p><!-- \/wp:paragraph --><\/p>\n<p>Svensk Isolering \u00e4r branschorganisationen f\u00f6r f\u00f6retag som marknadsf\u00f6r isoleringsmaterial baserad p\u00e5 cellulosa. Medlemmarna i Svensk Isolering tillverkar och marknadsf\u00f6r isoleringsprodukter av cellulosa. Cellulosa \u00e4r ett isoleringsmaterial som tillverkas av tr\u00e4fiber eller returpapper. Svensk Isolering ska informera och driva fr\u00e5gor av branschgemensam karakt\u00e4r f\u00f6r att \u00f6ka kunskapen om cellulosabaserade isoleringsmaterial. Svensk Isolering skall till nytta f\u00f6r medlemsf\u00f6retagen bidra f\u00f6r att p\u00e5verka t.ex.&nbsp;<span style=\"font-size: 1rem;\">beslutsfattare inom byggbranschen, myndigheter, fackf\u00f6rbund<\/span><span style=\"font-style: inherit; font-weight: inherit;\">&nbsp;samt stora potentiella anv\u00e4ndare av medlemmarnas produkter. Det \u00e4r ett stort fokus p\u00e5 att hitta alternativa energik\u00e4llor f\u00f6r att komma ifr\u00e5n v\u00e5rt samh\u00e4lles beroende av fossila br\u00e4nslen. Vi vill driva opinion p\u00e5 att det \u00e4r lika viktigt att spara energi f\u00f6r att minska anv\u00e4ndningen av fossila br\u00e4nslen. Ett effektivt anv\u00e4ndande av isolering f\u00e5r l\u00e4gre energikonsumtion som f\u00f6ljd. Produkterna anv\u00e4nds i f\u00f6rsta hand som skydd mot kyla, v\u00e4rme, brand, och ljud. Det \u00e4r viktiga produkter i byggprocessen och de bidrar i h\u00f6g grad bidrar till ett h\u00e5llbart byggande och ett effektivt utnyttjande av v\u00e5ra resurser och energik\u00e4llor. Byggnader st\u00e5r f\u00f6r cirka 40 procent av energianv\u00e4ndningen i samh\u00e4llet och v\u00e5rt m\u00e5l \u00e4r att minska energibehovet i v\u00e5ra byggnader genom ett effektiva isoleringsl\u00f6sningar. En sparad kwh \u00e4r viktigare \u00e4n att konsumera en kwh, \u00e4ven om den \u00e4r producerad genom f\u00f6rnybar energiutvinning. Cellulosa binder koldioxid och d\u00e4rmed kan vi radikalt minska utsl\u00e4pp av v\u00e4xthusgaser fr\u00e5n byggnaders uppv\u00e4rmning och positivt p\u00e5verka klimatf\u00f6r\u00e4ndringen.<\/span><\/p>\n<p>Svensk Isolerings fokusomr\u00e5den Att s\u00e4kerst\u00e4lla byggnaders l\u00e5ngsiktiga energieffektivitet genom att st\u00e4lla h\u00f6ga krav p\u00e5 isolering och byggnaders klimatskal. H\u00f6ja f\u00f6rst\u00e5else f\u00f6r cellulosaisolering och dess f\u00f6rdelar inom byggf\u00f6retag, fackf\u00f6rbund och myndigheter. <\/p>\n<h4>Medlemskap<\/h4>\n<p>Som ordinarie medlem av f\u00f6reningen kan antas tillverkare och distribut\u00f6rer av cellulosaisolering med verksamhet i Sverige. Antagande av medlemmar i f\u00f6reningen avg\u00f6rs av styrelsen i enlighet med uppst\u00e4llda riktlinjer och f\u00f6ruts\u00e4tter enh\u00e4lligt styrelsebeslut vid ordinarie styrelsem\u00f6te. <\/p>\n<p>Ans\u00f6kan om medlemskap skall g\u00f6ras skriftligen och st\u00e4llas till styrelsen som s\u00e5 snart ske kan skall fatta beslut om bifall eller avslag. F\u00f6reningens \u00e4ndam\u00e5l \u00e4r att driva fr\u00e5gor av branschgemensam karakt\u00e4r till nytta f\u00f6r medlemsf\u00f6retagen. Den \u00e5rliga medlemsavgiften fastst\u00e4lls av styrelsen inf\u00f6r kommande verksamhets\u00e5r. Avgiften best\u00e5r av en fast och en r\u00f6rlig del beroende p\u00e5 medlemmarnas oms\u00e4ttning i Sverige f\u00f6reg\u00e5ende \u00e5r.<\/p>\t\t\t\t\t<\/div>\n\t\t\t\t\t\t<\/div>\n\t\t\t\t<\/div>\n\t\t\t\t\t\t<\/div>\n\t\t\t\t\t<\/div>\n\t\t<\/div>\n\t\t\t\t\t\t\t\t<\/div>\n\t\t\t\t\t<\/div>\n\t\t<\/section>\n\t\t\t\t\t\t\t\t\t<\/div>\n\t\t\t<\/div>\n\t\t\t\t\t<\/div>\n\t\t","protected":false},"excerpt":{"rendered":"<p>Svensk Isolering Svensk Isolering \u00e4r branschorganisationen f\u00f6r f\u00f6retag som marknadsf\u00f6r isoleringsmaterial baserad p\u00e5 cellulosa. Medlemmarna i Svensk Isolering tillverkar och marknadsf\u00f6r isoleringsprodukter av cellulosa. Cellulosa \u00e4r ett isoleringsmaterial som tillverkas av tr\u00e4fiber eller returpapper. Svensk Isolering ska informera och driva fr\u00e5gor av branschgemensam karakt\u00e4r f\u00f6r att \u00f6ka kunskapen om cellulosabaserade isoleringsmaterial. Svensk Isolering skall till &hellip;<\/p>\n<p class=\"read-more\"> <a class=\"\" href=\"https:\/\/svenskisolering.se\/index.php\/om-svensk-isolering\/\"> <span class=\"screen-reader-text\">Om oss<\/span> L\u00e4s mer &raquo;<\/a><\/p>\n","protected":false},"author":1,"featured_media":0,"parent":0,"menu_order":10,"comment_status":"closed","ping_status":"closed","template":"","meta":{"site-sidebar-layout":"default","site-content-layout":"default","ast-global-header-display":"","ast-main-header-display":"","ast-hfb-above-header-display":"","ast-hfb-below-header-display":"","ast-hfb-mobile-header-display":"","site-post-title":"","ast-breadcrumbs-content":"","ast-featured-img":"","footer-sml-layout":"","theme-transparent-header-meta":"default","adv-header-id-meta":"","stick-header-meta":"","header-above-stick-meta":"","header-main-stick-meta":"","header-below-stick-meta":"","footnotes":""},"class_list":["post-12","page","type-page","status-publish","hentry"],"_links":{"self":[{"href":"https:\/\/svenskisolering.se\/index.php\/wp-json\/wp\/v2\/pages\/12","targetHints":{"allow":["GET"]}}],"collection":[{"href":"https:\/\/svenskisolering.se\/index.php\/wp-json\/wp\/v2\/pages"}],"about":[{"href":"https:\/\/svenskisolering.se\/index.php\/wp-json\/wp\/v2\/types\/page"}],"author":[{"embeddable":true,"href":"https:\/\/svenskisolering.se\/index.php\/wp-json\/wp\/v2\/users\/1"}],"replies":[{"embeddable":true,"href":"https:\/\/svenskisolering.se\/index.php\/wp-json\/wp\/v2\/comments?post=12"}],"version-history":[{"count":25,"href":"https:\/\/svenskisolering.se\/index.php\/wp-json\/wp\/v2\/pages\/12\/revisions"}],"predecessor-version":[{"id":970,"href":"https:\/\/svenskisolering.se\/index.php\/wp-json\/wp\/v2\/pages\/12\/revisions\/970"}],"wp:attachment":[{"href":"https:\/\/svenskisolering.se\/index.php\/wp-json\/wp\/v2\/media?parent=12"}],"curies":[{"name":"wp","href":"https:\/\/api.w.org\/{rel}","templated":true}]}}